{"id":96,"date":"2012-07-15T21:09:36","date_gmt":"2012-07-15T18:09:36","guid":{"rendered":"http:\/\/kuppausf.asiakkaat.sigmatic.fi\/?page_id=96"},"modified":"2025-09-09T12:52:45","modified_gmt":"2025-09-09T09:52:45","slug":"kuppauksesta","status":"publish","type":"page","link":"http:\/\/www.kuppaus.fi\/?page_id=96","title":{"rendered":"Kuppauksesta"},"content":{"rendered":"<p>Kuppaus eli venesektio<\/p>\n<p>Kuppauksen historiasta tiedet\u00e4\u00e4n, ett\u00e4 menetelm\u00e4 tuli Eurooppaan 1200-1300-luvulla <a href=\"http:\/\/kuppausf.asiakkaat.sigmatic.fi\/wp-content\/uploads\/2012\/07\/saunakuvia-087.jpg\"><img loading=\"lazy\" class=\"alignright size-medium wp-image-139\" title=\"Kuppaus on terveellist\u00e4!\" src=\"http:\/\/kuppausf.asiakkaat.sigmatic.fi\/wp-content\/uploads\/2012\/07\/saunakuvia-087-300x225.jpg\" alt=\"\" width=\"300\" height=\"225\" srcset=\"http:\/\/www.kuppaus.fi\/wp-content\/uploads\/2012\/07\/saunakuvia-087-300x225.jpg 300w, http:\/\/www.kuppaus.fi\/wp-content\/uploads\/2012\/07\/saunakuvia-087-1024x768.jpg 1024w, http:\/\/www.kuppaus.fi\/wp-content\/uploads\/2012\/07\/saunakuvia-087-400x300.jpg 400w, http:\/\/www.kuppaus.fi\/wp-content\/uploads\/2012\/07\/saunakuvia-087.jpg 1600w\" sizes=\"(max-width: 300px) 100vw, 300px\" \/><\/a>Kiinasta. Jo 2000 vuotta sitten Kiinassa kupattiin, hierottiin, annettiin akupunktiota ja yrttil\u00e4\u00e4kint\u00e4\u00e4. Vanhimmat meid\u00e4n p\u00e4iviimme s\u00e4ilyneet tiedot kuppauksesta ovat 3300 ekr Mesopotamiasta eli Kaksoisvirranmaasta.<\/p>\n<p>Suomessa kuppaus on tunnettu 1400-luvulta ja ensimm\u00e4iset kirjatiedot l\u00f6ytyv\u00e4t 1500-luvun puoliv\u00e4list\u00e4. Mikael Agricola kehoitti t\u00e4ll\u00f6in rukouskirjansa kalenterissa talonpoikia kuppauttamaan itsens\u00e4 ennen toukot\u00f6it\u00e4.<\/p>\n<p>Nykyisin kuppaus on lis\u00e4\u00e4ntym\u00e4ss\u00e4 ja ammattia harjoittavat l\u00e4hinn\u00e4 koulutetut kupparit ja<br \/>\nhierojat. Kupparit ovat itsen\u00e4isi\u00e4 ammatinharjoittajia ja n\u00e4inollen vastaavat itse tarvittavista luvista, verotuksesta, vakuutuksista (yel, vastuuvakuutus ym.) ja kuuluvat <a href=\"http:\/\/www.kuppaus.fi\/wp-content\/uploads\/2012\/07\/kuppausvalineet-26-2-09-002.jpg\"><img loading=\"lazy\" class=\"alignright size-medium wp-image-201\" title=\"Kuppausvalineet\" src=\"http:\/\/www.kuppaus.fi\/wp-content\/uploads\/2012\/07\/kuppausvalineet-26-2-09-002-300x235.jpg\" alt=\"Kuppausv\u00e4lineit\u00e4\" width=\"300\" height=\"235\" srcset=\"http:\/\/www.kuppaus.fi\/wp-content\/uploads\/2012\/07\/kuppausvalineet-26-2-09-002-300x235.jpg 300w, http:\/\/www.kuppaus.fi\/wp-content\/uploads\/2012\/07\/kuppausvalineet-26-2-09-002-1024x802.jpg 1024w, http:\/\/www.kuppaus.fi\/wp-content\/uploads\/2012\/07\/kuppausvalineet-26-2-09-002-382x300.jpg 382w, http:\/\/www.kuppaus.fi\/wp-content\/uploads\/2012\/07\/kuppausvalineet-26-2-09-002.jpg 1200w\" sizes=\"(max-width: 300px) 100vw, 300px\" \/><\/a>ennakkoperint\u00e4rekisteriin ja toiminnan alettua tekev\u00e4t ilmoituksen paikkakuntansa terveystarkastajalle.<\/p>\n<p>Kuppauksessa k\u00e4ytet\u00e4\u00e4n nykyisin muovisia sarvia joiden p\u00e4\u00e4ss\u00e4 on kumiset imupallot tai uusimpana ovat my\u00f6s silikonisarvet k\u00e4yt\u00f6ss\u00e4. Haavat tehd\u00e4\u00e4n haavaleikkurilla tai kuppauskirveell\u00e4 (lansetilla). V\u00e4lineet pest\u00e4\u00e4n vedell\u00e4 ja sterilointiin k\u00e4ytet\u00e4\u00e4n erikoisdesinfektioaineita ja steriloidaan. N\u00e4m\u00e4 aineet tappavat tunnetut bakteerit, hiivat, homeet, sienet mm. tuberkuloosin, HBV:n, HIV:n. V\u00e4lineet voi my\u00f6s kuumentaa tai steriloida koneellisesti.<\/p>\n<p>Valviran uuden suosituksen mukaan v\u00e4lineet pit\u00e4\u00e4 olla joko kertak\u00e4ytt\u00f6isi\u00e4 tai ne pit\u00e4\u00e4 steriloida.\u00a0 Siksi suosittelemme siirtymist\u00e4 silikonisarviin, jotka valmistajan ohjeen mukaan kest\u00e4v\u00e4t 250 astetta kuumuutta ja ne voidaan steriloida autoklaavissa, uunissa tai yksityisess\u00e4 sterilointilaitoksessa.\u00a0 Silikoni sarvia saat ostaa my\u00f6s Saunaterapia M+M ay:n kautta.\u00a0 Pyyd\u00e4 tarjous, pihlajamaki.merja@pp.inet.fi<\/p>\n<p>Nykyisen tiet\u00e4myksen mukaan kuppaus luetaan ns. \u00e4rsytyshoitoihin, jossa kipu\u00e4rsytyksen my\u00f6t\u00e4 elimist\u00f6st\u00e4 vapautuu endorfiineja, jotka ovat elimist\u00f6ss\u00e4 olevia morfiinin kaltaisia aineita.<\/p>\n<p>Suositeltava kuppausv\u00e4li on 3-6 kk, riippuen kupattavasta vaivasta. Iho-ongelmissa voi kuppauksen v\u00e4li olla lyhempikin. Yleens\u00e4 riitt\u00e4v\u00e4 m\u00e4\u00e4r\u00e4 on kaksi kertaa vuodessa.<\/p>\n<p>Kuppauksesta voit saada apua seuraaviin vaivoihin:<\/p>\n<ul>\n<li>korkeaan verenpaineeseen<\/li>\n<li>niska- ja hartiakipuihin<\/li>\n<li>p\u00e4\u00e4ns\u00e4rkyyn, migreeniin<\/li>\n<li>puutuviin yl\u00e4raajoihin<\/li>\n<li>kylmiin, s\u00e4rkeviin ja levottomiin alaraajoihin<\/li>\n<li>akneen, ihottumiin, psoriasikseen<\/li>\n<li>astmaan ja vaihdevuosien vaivoihin<\/li>\n<li>naisilla sek\u00e4 miehill\u00e4<\/li>\n<\/ul>\n<p>Eli apu lihasper\u00e4isiin kipuihin ja s\u00e4rkyyn, sek\u00e4 verenkiertovaivoihin. Nykyisin tehokas kuonanpoistaja amalgaamisaneerauksen j\u00e4lkihoitona.<\/p>\n<p>Kuppaukseen varattava aikaa n. 1,5 h. Sarvien m\u00e4\u00e4r\u00e4 n. 20-30 riippuen asiakkaasta.<\/p>\n<p>Hemmottele itse\u00e4si, hoida terveytt\u00e4si,<\/p>\n<p>Tule kuppaukseen!<\/p>\n<p>Verikuppaus on hyv\u00e4ksytty my\u00f6s Unescon aineettoman kulttuuriperinn\u00f6n listalle 2023, voit lukea asiasta WikipediA verikuppaus.<\/p>\n","protected":false},"excerpt":{"rendered":"<p>Kuppaus eli venesektio Kuppauksen historiasta tiedet\u00e4\u00e4n, ett\u00e4 menetelm\u00e4 tuli Eurooppaan 1200-1300-luvulla Kiinasta. Jo 2000 vuotta sitten Kiinassa kupattiin, hierottiin, annettiin akupunktiota ja yrttil\u00e4\u00e4kint\u00e4\u00e4. Vanhimmat meid\u00e4n p\u00e4iviimme s\u00e4ilyneet tiedot kuppauksesta ovat 3300 ekr Mesopotamiasta eli Kaksoisvirranmaasta. Suomessa kuppaus on tunnettu 1400-luvulta ja ensimm\u00e4iset kirjatiedot l\u00f6ytyv\u00e4t 1500-luvun puoliv\u00e4list\u00e4. Mikael Agricola kehoitti t\u00e4ll\u00f6in rukouskirjansa kalenterissa talonpoikia kuppauttamaan itsens\u00e4 [&hellip;]<\/p>\n","protected":false},"author":1,"featured_media":0,"parent":0,"menu_order":0,"comment_status":"closed","ping_status":"closed","template":"","meta":[],"_links":{"self":[{"href":"http:\/\/www.kuppaus.fi\/index.php?rest_route=\/wp\/v2\/pages\/96"}],"collection":[{"href":"http:\/\/www.kuppaus.fi\/index.php?rest_route=\/wp\/v2\/pages"}],"about":[{"href":"http:\/\/www.kuppaus.fi\/index.php?rest_route=\/wp\/v2\/types\/page"}],"author":[{"embeddable":true,"href":"http:\/\/www.kuppaus.fi\/index.php?rest_route=\/wp\/v2\/users\/1"}],"replies":[{"embeddable":true,"href":"http:\/\/www.kuppaus.fi\/index.php?rest_route=%2Fwp%2Fv2%2Fcomments&post=96"}],"version-history":[{"count":12,"href":"http:\/\/www.kuppaus.fi\/index.php?rest_route=\/wp\/v2\/pages\/96\/revisions"}],"predecessor-version":[{"id":773,"href":"http:\/\/www.kuppaus.fi\/index.php?rest_route=\/wp\/v2\/pages\/96\/revisions\/773"}],"wp:attachment":[{"href":"http:\/\/www.kuppaus.fi\/index.php?rest_route=%2Fwp%2Fv2%2Fmedia&parent=96"}],"curies":[{"name":"wp","href":"https:\/\/api.w.org\/{rel}","templated":true}]}}