{"id":81,"date":"2012-07-07T18:29:46","date_gmt":"2012-07-07T15:29:46","guid":{"rendered":"http:\/\/kuppausf.asiakkaat.sigmatic.fi\/?page_id=81"},"modified":"2022-03-16T22:16:58","modified_gmt":"2022-03-16T19:16:58","slug":"ylivieska","status":"publish","type":"page","link":"http:\/\/www.kuppaus.fi\/?page_id=81","title":{"rendered":"Ylivieska &#8211; \u00c4ht\u00e4ri"},"content":{"rendered":"<p>Elina \u00c4ngeslev\u00e4<\/p>\n<p>L\u00f6ylylintu<br \/>\nLentokent\u00e4ntie 337<br \/>\nPosti kulkee \u00c4ngeslev\u00e4ntie 107<br \/>\n84540 Ylivieska<br \/>\n044 2699836<\/p>\n<p><a href=\"http:\/\/www.loylylintu.com\">http:\/\/www.loylylintu.com<\/a><\/p>\n<p><strong>Solja Aho<\/strong><br \/>\nSaunaHoitola El\u00e4m\u00e4niKev\u00e4t<br \/>\nLepikonper\u00e4ntie 459<br \/>\n63920 Inha\u00a0(\u00c4ht\u00e4ri)<br \/>\n040 4719563<\/p>\n","protected":false},"excerpt":{"rendered":"<p>Elina \u00c4ngeslev\u00e4 L\u00f6ylylintu Lentokent\u00e4ntie 337 Posti kulkee \u00c4ngeslev\u00e4ntie 107 84540 Ylivieska 044 2699836 http:\/\/www.loylylintu.com Solja Aho SaunaHoitola El\u00e4m\u00e4niKev\u00e4t Lepikonper\u00e4ntie 459 63920 Inha\u00a0(\u00c4ht\u00e4ri) 040 4719563<\/p>\n","protected":false},"author":1,"featured_media":0,"parent":39,"menu_order":13,"comment_status":"closed","ping_status":"open","template":"","meta":[],"_links":{"self":[{"href":"http:\/\/www.kuppaus.fi\/index.php?rest_route=\/wp\/v2\/pages\/81"}],"collection":[{"href":"http:\/\/www.kuppaus.fi\/index.php?rest_route=\/wp\/v2\/pages"}],"about":[{"href":"http:\/\/www.kuppaus.fi\/index.php?rest_route=\/wp\/v2\/types\/page"}],"author":[{"embeddable":true,"href":"http:\/\/www.kuppaus.fi\/index.php?rest_route=\/wp\/v2\/users\/1"}],"replies":[{"embeddable":true,"href":"http:\/\/www.kuppaus.fi\/index.php?rest_route=%2Fwp%2Fv2%2Fcomments&post=81"}],"version-history":[{"count":17,"href":"http:\/\/www.kuppaus.fi\/index.php?rest_route=\/wp\/v2\/pages\/81\/revisions"}],"predecessor-version":[{"id":652,"href":"http:\/\/www.kuppaus.fi\/index.php?rest_route=\/wp\/v2\/pages\/81\/revisions\/652"}],"up":[{"embeddable":true,"href":"http:\/\/www.kuppaus.fi\/index.php?rest_route=\/wp\/v2\/pages\/39"}],"wp:attachment":[{"href":"http:\/\/www.kuppaus.fi\/index.php?rest_route=%2Fwp%2Fv2%2Fmedia&parent=81"}],"curies":[{"name":"wp","href":"https:\/\/api.w.org\/{rel}","templated":true}]}}