{"id":76,"date":"2012-07-07T18:22:57","date_gmt":"2012-07-07T15:22:57","guid":{"rendered":"http:\/\/kuppausf.asiakkaat.sigmatic.fi\/?page_id=76"},"modified":"2026-01-16T19:47:28","modified_gmt":"2026-01-16T16:47:28","slug":"tampere-turku","status":"publish","type":"page","link":"http:\/\/www.kuppaus.fi\/?page_id=76","title":{"rendered":"Tampere-Turku"},"content":{"rendered":"<p><strong>Tiia Kauppinen<\/strong><br><a href=\"http:\/\/www.huhtikuu.net\">Hyv\u00e4n olon hoitola Huhtikuu<\/a><br>Penttil\u00e4nkatu 12 C 11<br>33820 Tampere<\/p>\n<p><strong><a href=\"mailto:mervi.hongisto@forumsauna.fi\">Mervi Hongisto<\/a><\/strong><a href=\"http:\/\/www.forumsauna.fi\"><br>Forum sauna<\/a><br>Kurjenm\u00e4entie 17<br>20720 Turku<br>050 588 5013<\/p>\n<p><strong>Erja-Leena Moisio-Mikkola<\/strong><br>Hoitola KIFA<br>Betaniankatu 5 E<br>20810 Turku<br>040 134 3004<\/p>\n\n\n<p><strong>Kaisu Mokkila<\/strong><br>Valtakatu 19 a 13<br>Valkeakoski<br>P.  040-7278710<br>kaisu@saunahoitolatasapaino.fi<br><a href=\"http:\/\/www.saunahoitolatasapaino.fi\">http:\/\/www.saunahoitolatasapaino.fi<\/a><\/p>\n","protected":false},"excerpt":{"rendered":"<p>Tiia KauppinenHyv\u00e4n olon hoitola HuhtikuuPenttil\u00e4nkatu 12 C 1133820 Tampere Mervi HongistoForum saunaKurjenm\u00e4entie 1720720 Turku050 588 5013 Erja-Leena Moisio-MikkolaHoitola KIFABetaniankatu 5 E20810 Turku040 134 3004 Kaisu MokkilaValtakatu 19 a 13ValkeakoskiP. 040-7278710kaisu@saunahoitolatasapaino.fihttp:\/\/www.saunahoitolatasapaino.fi<\/p>\n","protected":false},"author":1,"featured_media":0,"parent":39,"menu_order":11,"comment_status":"closed","ping_status":"open","template":"","meta":[],"_links":{"self":[{"href":"http:\/\/www.kuppaus.fi\/index.php?rest_route=\/wp\/v2\/pages\/76"}],"collection":[{"href":"http:\/\/www.kuppaus.fi\/index.php?rest_route=\/wp\/v2\/pages"}],"about":[{"href":"http:\/\/www.kuppaus.fi\/index.php?rest_route=\/wp\/v2\/types\/page"}],"author":[{"embeddable":true,"href":"http:\/\/www.kuppaus.fi\/index.php?rest_route=\/wp\/v2\/users\/1"}],"replies":[{"embeddable":true,"href":"http:\/\/www.kuppaus.fi\/index.php?rest_route=%2Fwp%2Fv2%2Fcomments&post=76"}],"version-history":[{"count":21,"href":"http:\/\/www.kuppaus.fi\/index.php?rest_route=\/wp\/v2\/pages\/76\/revisions"}],"predecessor-version":[{"id":797,"href":"http:\/\/www.kuppaus.fi\/index.php?rest_route=\/wp\/v2\/pages\/76\/revisions\/797"}],"up":[{"embeddable":true,"href":"http:\/\/www.kuppaus.fi\/index.php?rest_route=\/wp\/v2\/pages\/39"}],"wp:attachment":[{"href":"http:\/\/www.kuppaus.fi\/index.php?rest_route=%2Fwp%2Fv2%2Fmedia&parent=76"}],"curies":[{"name":"wp","href":"https:\/\/api.w.org\/{rel}","templated":true}]}}