{"id":69,"date":"2012-07-07T18:17:29","date_gmt":"2012-07-07T15:17:29","guid":{"rendered":"http:\/\/kuppausf.asiakkaat.sigmatic.fi\/?page_id=69"},"modified":"2025-12-31T15:46:54","modified_gmt":"2025-12-31T12:46:54","slug":"panelia-petajavesi","status":"publish","type":"page","link":"http:\/\/www.kuppaus.fi\/?page_id=69","title":{"rendered":"Panelia-Parkano-Pieks\u00e4m\u00e4ki-Pelkosenniemi-Per\u00e4sein\u00e4joki-Pet\u00e4j\u00e4vesi-Porvoo-Pori"},"content":{"rendered":"<p><a href=\"mailto:heimaki@dnainternet.net\">Heidi M\u00e4kil\u00e4<\/a><br \/>K\u00e4kialhontie 147<br \/>27430 Panelia<br \/>02 864 5419, 050 536 5293<\/p>\n<p><strong><a href=\"mailto:pihlajamaki.merja@pp.inet.fi\">Merja Pihlajam\u00e4ki<\/a><br \/><a href=\"http:\/\/www.hyvanolonkeskus.com\">Kirkkokadun\u00a0Hyv\u00e4n Olon Keskus<\/a><\/strong><br \/>Kirkkokatu 5<br \/>39700 Parkano<br \/>03 4483035<\/p>\n<p>Mari Kivel\u00e4<br \/>Pilkkatie 325<br \/>92810 Pelsonsuo (Vaala)<br \/>0400 854556<\/p>\n<p>Irja Viitanen<br \/>Pakolantie 158<br \/>41900 Pet\u00e4j\u00e4vesi<br \/>0500 546 090<\/p>\n<p>Leena Palenius<br \/>Lattomerentie 332<br \/>28560 Pori<br \/>040-9391094<!--EndFragment--><\/p>\n<p>Ria Kataja<br \/>Kaivokatu 54 A 5<br \/>06100 Porvoo<br \/>044 536 1918<\/p>\n<p>Nea Oikarinen<strong><br \/><\/strong><a href=\"http:\/\/www.susannea.fi\">http:\/\/www.susannea.fi<\/a><br \/>Kemij\u00e4rventie 98500<br \/>98500 Pelkosenniemi<br \/>nea.oikarinen@susannea.fi<br \/>050-3390022<\/p>\n<p>Hanne Stolt<br \/>Villeritolantie 191<br \/>61100 Per\u00e4sein\u00e4joki<br \/>hanne.stolt@netikka.fi<br \/>P.045-6502946<strong><br \/><\/strong><a href=\"http:\/\/www.hannestolt.com\">http:\/\/www.hannestolt.com<\/a><\/p>\n<p>HOITOLA HIPPU\u00a0 Monica Pihlajam\u00e4ki<br \/>Kirkkokatu 5\u00a0<br \/>39700 Parkano<br \/>P.040-4198757<\/p>\n<p>\u00a0<\/p>\n\n\n<p><\/p>\n\n\n\n<p><\/p>\n\n\n\n<p><\/p>\n","protected":false},"excerpt":{"rendered":"<p>Heidi M\u00e4kil\u00e4K\u00e4kialhontie 14727430 Panelia02 864 5419, 050 536 5293 Merja Pihlajam\u00e4kiKirkkokadun\u00a0Hyv\u00e4n Olon KeskusKirkkokatu 539700 Parkano03 4483035 Mari Kivel\u00e4Pilkkatie 32592810 Pelsonsuo (Vaala)0400 854556 Irja ViitanenPakolantie 15841900 Pet\u00e4j\u00e4vesi0500 546 090 Leena PaleniusLattomerentie 33228560 Pori040-9391094 Ria KatajaKaivokatu 54 A 506100 Porvoo044 536 1918 Nea Oikarinenhttp:\/\/www.susannea.fiKemij\u00e4rventie 9850098500 Pelkosennieminea.oikarinen@susannea.fi050-3390022 Hanne StoltVilleritolantie 19161100 Per\u00e4sein\u00e4jokihanne.stolt@netikka.fiP.045-6502946http:\/\/www.hannestolt.com HOITOLA HIPPU\u00a0 Monica Pihlajam\u00e4kiKirkkokatu 5\u00a039700 ParkanoP.040-4198757 \u00a0<\/p>\n","protected":false},"author":1,"featured_media":0,"parent":39,"menu_order":8,"comment_status":"closed","ping_status":"closed","template":"","meta":[],"_links":{"self":[{"href":"http:\/\/www.kuppaus.fi\/index.php?rest_route=\/wp\/v2\/pages\/69"}],"collection":[{"href":"http:\/\/www.kuppaus.fi\/index.php?rest_route=\/wp\/v2\/pages"}],"about":[{"href":"http:\/\/www.kuppaus.fi\/index.php?rest_route=\/wp\/v2\/types\/page"}],"author":[{"embeddable":true,"href":"http:\/\/www.kuppaus.fi\/index.php?rest_route=\/wp\/v2\/users\/1"}],"replies":[{"embeddable":true,"href":"http:\/\/www.kuppaus.fi\/index.php?rest_route=%2Fwp%2Fv2%2Fcomments&post=69"}],"version-history":[{"count":22,"href":"http:\/\/www.kuppaus.fi\/index.php?rest_route=\/wp\/v2\/pages\/69\/revisions"}],"predecessor-version":[{"id":789,"href":"http:\/\/www.kuppaus.fi\/index.php?rest_route=\/wp\/v2\/pages\/69\/revisions\/789"}],"up":[{"embeddable":true,"href":"http:\/\/www.kuppaus.fi\/index.php?rest_route=\/wp\/v2\/pages\/39"}],"wp:attachment":[{"href":"http:\/\/www.kuppaus.fi\/index.php?rest_route=%2Fwp%2Fv2%2Fmedia&parent=69"}],"curies":[{"name":"wp","href":"https:\/\/api.w.org\/{rel}","templated":true}]}}