{"id":67,"date":"2012-07-07T18:15:43","date_gmt":"2012-07-07T15:15:43","guid":{"rendered":"http:\/\/kuppausf.asiakkaat.sigmatic.fi\/?page_id=67"},"modified":"2022-03-16T22:20:49","modified_gmt":"2022-03-16T19:20:49","slug":"naantali-orimattila","status":"publish","type":"page","link":"http:\/\/www.kuppaus.fi\/?page_id=67","title":{"rendered":"Naantali-Nokia-Oulu-Orimattila-Oravasaari"},"content":{"rendered":"<p>Teija Yl\u00e4ranta<br \/>\nSolRos<br \/>\nK\u00e4r\u00e4j\u00e4kuja 5<br \/>\n21110 Naantali<br \/>\n040-7069053<\/p>\n<p>Lev\u00e4vaara Hannele<br \/>\nPiilil\u00e4ntie 71<br \/>\n41630 Oravasaari<br \/>\n040 7038136<\/p>\n<p><strong>Ulla Tapaninen<\/strong><br \/>\n<a href=\"http:\/\/www.aitote.fi\">Aito Ote<br \/>\n<\/a>Hankaintie 4<br \/>\n90520 Oulu<br \/>\n040-7393446<\/p>\n","protected":false},"excerpt":{"rendered":"<p>Teija Yl\u00e4ranta SolRos K\u00e4r\u00e4j\u00e4kuja 5 21110 Naantali 040-7069053 Lev\u00e4vaara Hannele Piilil\u00e4ntie 71 41630 Oravasaari 040 7038136 Ulla Tapaninen Aito Ote Hankaintie 4 90520 Oulu 040-7393446<\/p>\n","protected":false},"author":1,"featured_media":0,"parent":39,"menu_order":7,"comment_status":"closed","ping_status":"open","template":"","meta":[],"_links":{"self":[{"href":"http:\/\/www.kuppaus.fi\/index.php?rest_route=\/wp\/v2\/pages\/67"}],"collection":[{"href":"http:\/\/www.kuppaus.fi\/index.php?rest_route=\/wp\/v2\/pages"}],"about":[{"href":"http:\/\/www.kuppaus.fi\/index.php?rest_route=\/wp\/v2\/types\/page"}],"author":[{"embeddable":true,"href":"http:\/\/www.kuppaus.fi\/index.php?rest_route=\/wp\/v2\/users\/1"}],"replies":[{"embeddable":true,"href":"http:\/\/www.kuppaus.fi\/index.php?rest_route=%2Fwp%2Fv2%2Fcomments&post=67"}],"version-history":[{"count":20,"href":"http:\/\/www.kuppaus.fi\/index.php?rest_route=\/wp\/v2\/pages\/67\/revisions"}],"predecessor-version":[{"id":653,"href":"http:\/\/www.kuppaus.fi\/index.php?rest_route=\/wp\/v2\/pages\/67\/revisions\/653"}],"up":[{"embeddable":true,"href":"http:\/\/www.kuppaus.fi\/index.php?rest_route=\/wp\/v2\/pages\/39"}],"wp:attachment":[{"href":"http:\/\/www.kuppaus.fi\/index.php?rest_route=%2Fwp%2Fv2%2Fmedia&parent=67"}],"curies":[{"name":"wp","href":"https:\/\/api.w.org\/{rel}","templated":true}]}}