{"id":63,"date":"2012-07-07T18:13:01","date_gmt":"2012-07-07T15:13:01","guid":{"rendered":"http:\/\/kuppausf.asiakkaat.sigmatic.fi\/?page_id=63"},"modified":"2025-12-31T15:43:49","modified_gmt":"2025-12-31T12:43:49","slug":"kalanti-kuusamo","status":"publish","type":"page","link":"http:\/\/www.kuppaus.fi\/?page_id=63","title":{"rendered":"Karkkila-Karttula-Kempele-Kokem\u00e4ki-Koski-Kuusamo"},"content":{"rendered":"<p><strong>Raili R\u00e4s\u00e4nen<\/strong><br \/>\nRiuttasj\u00e4rventie 50<br \/>\n72100 Karttula<br \/>\n041 4318999 &#8211; 017 3628224<\/p>\n<p>Anu Rosenberg<br \/>\nHyvinvointi Kaarnikka<br \/>\nRautiontie 18 D 19<br \/>\n90440 Kempele<br \/>\n0400 703 582<\/p>\n<p><a href=\"mailto:honkanen.pertti@gmail.com\">Pertti Honkanen<\/a><br \/>\nKangasmannilantie 14<br \/>\n42700 Keuruu<br \/>\n040 552 1375<\/p>\n<p>Susanna Liukkonen<br \/>\n<a href=\"http:\/\/www.kuntonappi.fi\/\">FHL Kunton\u00e4ppi<\/a><br \/>\nViljatie 6 as 4<br \/>\n43900 Kinnula<br \/>\n050 4616055<\/p>\n<p>Maaret Lepp\u00e4nen<br \/>\nParkkij\u00e4rventie 38<br \/>\n44400 Konginkangas<br \/>\n040 7232780<\/p>\n<p><strong>Riitta Kuusela<\/strong><br \/>\nLaidunmaan Saunahoidot<br \/>\nM\u00e4ntyahontie 114<br \/>\n41930 Kuohu<br \/>\n050 5718 492<\/p>\n<p><strong>Tuula Toriseva<\/strong><br \/>\nwww.hoitohuonekammari.fi<br \/>\nPajusenkuja 20<br \/>\n32800Kokem\u00e4ki<\/p>\n<p>050-5939922<\/p>\n<p>Katja Valtonen<br \/>\n<a href=\"http:\/\/www.koskenhierontapalvelu.fi\" target=\"_blank\" rel=\"noopener\">Kosken Hierontapalvelu<\/a><br \/>\nKumpulantie 16<br \/>\n31500 Koski TL<br \/>\n050 557 6421<\/p>\n<p>Eija Pirttiper\u00e4<br \/>\nVilppulantie 51<br \/>\n41370 Kuusa<br \/>\n041 4370457<\/p>\n<p><strong>Marita Kilpivaara<\/strong><br \/>\nRukaj\u00e4rventie 29<br \/>\n93830 Rukatunturi<br \/>\n040 148 3578<\/p>\n<p>Mari Paltaani<br \/>\nKauppatie 26<br \/>\n03600 Karkkila<br \/>\n040 3218139<br \/>\nmari.paltaani@gmail.com<\/p>\n","protected":false},"excerpt":{"rendered":"<p>Raili R\u00e4s\u00e4nen Riuttasj\u00e4rventie 50 72100 Karttula 041 4318999 &#8211; 017 3628224 Anu Rosenberg Hyvinvointi Kaarnikka Rautiontie 18 D 19 90440 Kempele 0400 703 582 Pertti Honkanen Kangasmannilantie 14 42700 Keuruu 040 552 1375 Susanna Liukkonen FHL Kunton\u00e4ppi Viljatie 6 as 4 43900 Kinnula 050 4616055 Maaret Lepp\u00e4nen Parkkij\u00e4rventie 38 44400 Konginkangas 040 7232780 Riitta Kuusela [&hellip;]<\/p>\n","protected":false},"author":1,"featured_media":0,"parent":39,"menu_order":5,"comment_status":"closed","ping_status":"open","template":"","meta":[],"_links":{"self":[{"href":"http:\/\/www.kuppaus.fi\/index.php?rest_route=\/wp\/v2\/pages\/63"}],"collection":[{"href":"http:\/\/www.kuppaus.fi\/index.php?rest_route=\/wp\/v2\/pages"}],"about":[{"href":"http:\/\/www.kuppaus.fi\/index.php?rest_route=\/wp\/v2\/types\/page"}],"author":[{"embeddable":true,"href":"http:\/\/www.kuppaus.fi\/index.php?rest_route=\/wp\/v2\/users\/1"}],"replies":[{"embeddable":true,"href":"http:\/\/www.kuppaus.fi\/index.php?rest_route=%2Fwp%2Fv2%2Fcomments&post=63"}],"version-history":[{"count":32,"href":"http:\/\/www.kuppaus.fi\/index.php?rest_route=\/wp\/v2\/pages\/63\/revisions"}],"predecessor-version":[{"id":786,"href":"http:\/\/www.kuppaus.fi\/index.php?rest_route=\/wp\/v2\/pages\/63\/revisions\/786"}],"up":[{"embeddable":true,"href":"http:\/\/www.kuppaus.fi\/index.php?rest_route=\/wp\/v2\/pages\/39"}],"wp:attachment":[{"href":"http:\/\/www.kuppaus.fi\/index.php?rest_route=%2Fwp%2Fv2%2Fmedia&parent=63"}],"curies":[{"name":"wp","href":"https:\/\/api.w.org\/{rel}","templated":true}]}}