{"id":6,"date":"2012-06-13T16:18:33","date_gmt":"2012-06-13T13:18:33","guid":{"rendered":"http:\/\/kuppausf.asiakkaat.sigmatic.fi\/?page_id=6"},"modified":"2020-09-22T11:09:34","modified_gmt":"2020-09-22T08:09:34","slug":"toiminta-ja-tavoitteet","status":"publish","type":"page","link":"http:\/\/www.kuppaus.fi\/?page_id=6","title":{"rendered":"Toiminta ja tavoitteet"},"content":{"rendered":"<p>Suomen kupparit ry perustettiin Kouvolassa 20.01.1996.<\/p>\n<p>Nimi muutettiin Patentti ja rekisterihallitukseen 15.10.2008 ja kotipaikaksi merkittiin Turku ja toimialueeksi koko Suomi.<\/p>\n<p>Suomen Kupparit ja Saunaterapeutit ry.<\/p>\n<p>Yhdistyksen tarkoituksena on mm. kehitt\u00e4\u00e4 perinteisen kansanparannuksen, kuppauksen arvostusta ja tietoisuutta terveydenhoitona nykyajan Suomessa ja olla Saunaterapiaa ja\u00a0 kuppausta tekevien ammattilaisten yhteisen\u00e4 yhdistyksen\u00e4 ja pit\u00e4\u00e4 toiminta nykyp\u00e4iv\u00e4n vaatimusten tasolla, huomioiden muut yhdistykset ja yhteisty\u00f6kumppanit.<\/p>\n<p>Saunaterapia M+M ay kouluttajat Mervi Hongisto ja Merja Pihlajam\u00e4ki ovat Suomen Kupparit ja Saunaterapeutit ry:n hyv\u00e4ksym\u00e4t kouluttajat.<\/p>\n<p><strong>Yhdistyksen s\u00e4\u00e4nn\u00f6t:<\/strong><\/p>\n<p>Suomen kupparit ja Saunaterapeutit ry:n s\u00e4\u00e4nn\u00f6t<br \/>\n1. \u00a7 Yhdistyksen nimi ja kotipaikka<br \/>\nYhdistyksen nimen\u00e4 on Suomen kupparit ja Saunaterapeutit ry. Yhdistyksen kotipaikka on<br \/>\nTurun kaupunki ja toimialue on koko Suomi.<br \/>\n2. \u00a7 Yhdistyksen tarkoitus ja toiminta<br \/>\nYhdistyksen tarkoituksena on valvoa kuppauksen ja Saunaterapian alalla toimivien<br \/>\nammatinharjoittajien yleisi\u00e4 ja yhteisi\u00e4 ammatinharjoittamiseen liittyvi\u00e4 etuja, edist\u00e4\u00e4<br \/>\nj\u00e4sentens\u00e4 v\u00e4list\u00e4 yhteistoimintaa ja parantaa alan yleisi\u00e4 toimintaedellytyksi\u00e4.<br \/>\nTarkoituksensa toteuttamiseksi yhdistys seuraa alan taloudellista kehityst\u00e4 ja lains\u00e4\u00e4d\u00e4nt\u00f6\u00e4<br \/>\nsek\u00e4 tekee niihin liittyvi\u00e4 aloitteita, esityksi\u00e4 ja antaa lausuntoja. Yhdistys ohjaa ja neuvoo<br \/>\nj\u00e4seni\u00e4\u00e4n ammatinharjoittamiseen liittyviss\u00e4 asioissa j\u00e4rjest\u00e4m\u00e4ll\u00e4 kokouksia,<br \/>\nneuvontatilaisuuksia ja koulutusta sek\u00e4 laatimalla tarvittavia asiaa koskevia selvityksi\u00e4.<br \/>\nToiminnan tukemiseksi yhdistys voi ottaa vastaan lahjoituksia ja testamentteja, omistaa<br \/>\ntoimintaansa varten tarpeellista kiinte\u00e4\u00e4 omaisuutta sek\u00e4 toimeenpanna asianomaisen luvan<br \/>\nsaatuaan arpajaisia ja rahanker\u00e4yst\u00e4.<br \/>\n3. \u00a7 J\u00e4senet<br \/>\nYhdistyksen j\u00e4seneksi voi liitty\u00e4 jokainen kuppausta ja Saunaterapiaa harjoittava tai muutoin<br \/>\nasiaa l\u00e4heisesti harrastava henkil\u00f6, joka hyv\u00e4ksyy yhdistyksen tarkoituksen ja s\u00e4\u00e4nn\u00f6t.<br \/>\nJ\u00e4senet hyv\u00e4ksyy hakemuksesta yhdistyksen hallitus.<br \/>\nYhdistys voi kutsua erityisesti ansioituneen henkil\u00f6n yhdistyksen kunniaj\u00e4seneksi. Kunniaj\u00e4sen<br \/>\non vapautettu j\u00e4senmaksusta.<br \/>\n4. \u00a7 J\u00e4senen eroaminen ja erottaminen<br \/>\nJ\u00e4senell\u00e4 on oikeus erota yhdistyksest\u00e4 ilmoittamalla siit\u00e4 kirjallisesti hallitukselle tai sen<br \/>\npuheenjohtajalle taikka ilmoittamalla erosta yhdistyksen kokouksessa merkitt\u00e4v\u00e4ksi<br \/>\np\u00f6yt\u00e4kirjaan.<br \/>\nHallitus voi erottaa j\u00e4senen yhdistyksest\u00e4, jos j\u00e4sen on j\u00e4tt\u00e4nyt er\u00e4\u00e4ntyneen j\u00e4senmaksun<br \/>\nmaksamatta tai muuten j\u00e4tt\u00e4nyt t\u00e4ytt\u00e4m\u00e4tt\u00e4 ne velvollisuudet, joihin h\u00e4n on yhdistykseen<br \/>\nliittym\u00e4ll\u00e4 sitoutunut tai on menettelyll\u00e4\u00e4n yhdistyksess\u00e4 tai sen ulkopuolella huomattavasti<br \/>\nvahingoittanut yhdistyst\u00e4 tai ei en\u00e4\u00e4 t\u00e4yt\u00e4 laissa ja yhdistyksen s\u00e4\u00e4nn\u00f6iss\u00e4 mainittuja<br \/>\nj\u00e4senyyden ehtoja.<br \/>\n5. \u00a7 Liittymis- ja j\u00e4senmaksu<br \/>\nJ\u00e4senilt\u00e4 peritt\u00e4v\u00e4n liittymismaksun ja vuotuisen j\u00e4senmaksu suuruudesta p\u00e4\u00e4tt\u00e4\u00e4 vuosikokous.<br \/>\n6. \u00a7 Hallitus<br \/>\nYhdistyksen asioita hoitaa hallitus, johon kuuluu vuosikokouksessa valitut puheenjohtaja ja<br \/>\nv\u00e4hint\u00e4\u00e4n kolme (3) mutta enint\u00e4\u00e4n kahdeksan (8) j\u00e4sent\u00e4.<br \/>\n7. \u00a7 Yhdistyksen nimen kirjoittaminen<br \/>\nYhdistyksen nimen kirjoittaa hallituksen puheenjohtaja tai varapuheenjohtaja jompikumpi<br \/>\nyhdess\u00e4 sihteerin kanssa tai hallituksen m\u00e4\u00e4r\u00e4\u00e4m\u00e4 toimihenkil\u00f6 yksin.<br \/>\nPuheenjohtaja Mervi Hongisto,<br \/>\nVarapuheenjohtaja Maija Koivisto,<br \/>\nSihteeri Elina \u00c4ngeslev\u00e4,<br \/>\nTaloudenhoitaja Merja Pihlajam\u00e4ki,<br \/>\n8. \u00a7 Tilikausi ja tilintarkastus<br \/>\nYhdistyksen tilikausi on kalenterivuosi. Tilinp\u00e4\u00e4t\u00f6s tarvittavine asiakirjoineen ja hallituksen<br \/>\nvuosikertomus on annettava tilintarkastajalle viimeist\u00e4\u00e4n kolme viikkoa ennen vuosikokousta.<br \/>\nTilintarkastajan tulee antaa kirjallinen lausuntonsa viimeist\u00e4\u00e4n kaksi viikkoa ennen<br \/>\nvuosikokousta hallitukselle.<br \/>\n9. \u00a7 Yhdistyksen kokoukset<br \/>\nYhdistys pit\u00e4\u00e4 yhden (1) varsinaisen vuosikokouksen.<br \/>\nYhdistyksen vuosikokous pidet\u00e4\u00e4n kev\u00e4\u00e4ll\u00e4,<br \/>\nhallituksen m\u00e4\u00e4r\u00e4\u00e4m\u00e4n\u00e4 p\u00e4iv\u00e4n\u00e4.<br \/>\nYlim\u00e4\u00e4r\u00e4inen kokous pidet\u00e4\u00e4n, kun yhdistyksen kokous niin p\u00e4\u00e4tt\u00e4\u00e4 tai kun hallitus katsoo<br \/>\nsiihen olevan aihetta tai kun v\u00e4hint\u00e4\u00e4n yksi kymmenesosa (1\/10) yhdistyksen \u00e4\u00e4nioikeutetuista<br \/>\nj\u00e4senist\u00e4 sit\u00e4 hallitukselta erityisesti ilmoitettua asiaa varten kirjallisesti vaatii. Kokous on<br \/>\npidett\u00e4v\u00e4 kolmenkymmenen (30) vuorokauden kuluessa siit\u00e4, kun vaatimus sen pit\u00e4misest\u00e4 on<br \/>\nesitetty hallitukselle.<br \/>\nYhdistyksen kokouksessa on jokaisella j\u00e4senell\u00e4 ja kunniaj\u00e4senell\u00e4 yksi \u00e4\u00e4ni.<br \/>\nYhdistyksen kokouksen p\u00e4\u00e4t\u00f6kseksi tulee, ellei s\u00e4\u00e4nn\u00f6iss\u00e4 ole toisin m\u00e4\u00e4r\u00e4tty, se mielipide, jota on kannattanut yli puolet annetuista \u00e4\u00e4nist\u00e4.<br \/>\n\u00c4\u00e4nten menness\u00e4 tasan, ratkaisee<br \/>\nkokouksen puheenjohtajan \u00e4\u00e4ni, vaaleissa kuitenkin arpa.<br \/>\n10. \u00a7 Yhdistyksen kokousten koollekutsuminen<br \/>\nHallituksen on kutsuttava yhdistyksen kokoukset koolle kirjeitse v\u00e4hint\u00e4\u00e4n seitsem\u00e4n (7)<br \/>\nvuorokautta ennen kokousta.<br \/>\n11. \u00a7 Varsinaiset kokoukset<br \/>\nYhdistyksen vuosikokouksessa k\u00e4sitell\u00e4\u00e4n seuraavat asiat:<br \/>\n12. \u00a7 S\u00e4\u00e4nt\u00f6jen muuttaminen ja yhdistyksen purkaminen<br \/>\nP\u00e4\u00e4t\u00f6s s\u00e4\u00e4nt\u00f6jen muuttamisesta ja yhdistyksen purkamisesta on teht\u00e4v\u00e4 yhdistyksen<br \/>\nkokouksessa v\u00e4hint\u00e4\u00e4n kolmen nelj\u00e4sosan (3\/4) enemmist\u00f6ll\u00e4 annetuista \u00e4\u00e4nist\u00e4.<br \/>\nKokouskutsussa on mainittava s\u00e4\u00e4nt\u00f6jen muuttamisesta tai yhdistyksen purkamisesta.<br \/>\nYhdistyksen purkautuessa k\u00e4ytet\u00e4\u00e4n yhdistyksen varat yhdistyksen tarkoituksen edist\u00e4miseen purkamisesta p\u00e4\u00e4tt\u00e4v\u00e4n kokouksen m\u00e4\u00e4r\u00e4\u00e4m\u00e4ll\u00e4 tavalla.<br \/>\nYhdistyksen tullessa lakkautetuksi,<br \/>\nk\u00e4ytet\u00e4\u00e4n sen varat samaan tarkoitukseen.<\/p>\n","protected":false},"excerpt":{"rendered":"<p>Suomen kupparit ry perustettiin Kouvolassa 20.01.1996. Nimi muutettiin Patentti ja rekisterihallitukseen 15.10.2008 ja kotipaikaksi merkittiin Turku ja toimialueeksi koko Suomi. Suomen Kupparit ja Saunaterapeutit ry. Yhdistyksen tarkoituksena on mm. kehitt\u00e4\u00e4 perinteisen kansanparannuksen, kuppauksen arvostusta ja tietoisuutta terveydenhoitona nykyajan Suomessa ja olla Saunaterapiaa ja\u00a0 kuppausta tekevien ammattilaisten yhteisen\u00e4 yhdistyksen\u00e4 ja pit\u00e4\u00e4 toiminta nykyp\u00e4iv\u00e4n vaatimusten tasolla, huomioiden [&hellip;]<\/p>\n","protected":false},"author":1,"featured_media":0,"parent":0,"menu_order":0,"comment_status":"closed","ping_status":"open","template":"","meta":[],"_links":{"self":[{"href":"http:\/\/www.kuppaus.fi\/index.php?rest_route=\/wp\/v2\/pages\/6"}],"collection":[{"href":"http:\/\/www.kuppaus.fi\/index.php?rest_route=\/wp\/v2\/pages"}],"about":[{"href":"http:\/\/www.kuppaus.fi\/index.php?rest_route=\/wp\/v2\/types\/page"}],"author":[{"embeddable":true,"href":"http:\/\/www.kuppaus.fi\/index.php?rest_route=\/wp\/v2\/users\/1"}],"replies":[{"embeddable":true,"href":"http:\/\/www.kuppaus.fi\/index.php?rest_route=%2Fwp%2Fv2%2Fcomments&post=6"}],"version-history":[{"count":15,"href":"http:\/\/www.kuppaus.fi\/index.php?rest_route=\/wp\/v2\/pages\/6\/revisions"}],"predecessor-version":[{"id":649,"href":"http:\/\/www.kuppaus.fi\/index.php?rest_route=\/wp\/v2\/pages\/6\/revisions\/649"}],"wp:attachment":[{"href":"http:\/\/www.kuppaus.fi\/index.php?rest_route=%2Fwp%2Fv2%2Fmedia&parent=6"}],"curies":[{"name":"wp","href":"https:\/\/api.w.org\/{rel}","templated":true}]}}