{"id":56,"date":"2012-07-07T18:06:30","date_gmt":"2012-07-07T15:06:30","guid":{"rendered":"http:\/\/kuppausf.asiakkaat.sigmatic.fi\/?page_id=56"},"modified":"2025-12-31T15:48:49","modified_gmt":"2025-12-31T12:48:49","slug":"helsinki-hyvinkaa","status":"publish","type":"page","link":"http:\/\/www.kuppaus.fi\/?page_id=56","title":{"rendered":"Helsinki-Hirvensalmi-Hirvij\u00e4rvi-Hollola-Hyvink\u00e4\u00e4"},"content":{"rendered":"<p>Birgitta Paloj\u00e4rvi<br \/>\n<a href=\"http:\/\/www.kauneusbirgitta.fi\">Kauneusbirgitta<\/a><br \/>\nMannerheimintie 93 a 78<br \/>\n00270 Helsinki<br \/>\n044 374 1323<\/p>\n<p>Pekka Mykk\u00e4nen<br \/>\n<a href=\"http:\/\/www.fysiokontu.fi\">Fysio-Kontu Oy<\/a><br \/>\nKeinulaudankuja 4E<br \/>\n00940 Helsinki<br \/>\n09 340 3113<\/p>\n<p>Seija Heinonen<br \/>\nSaunaSeita<br \/>\nKellarilahdentie 94<br \/>\n52550 Hirvensalmi<br \/>\n040 516 3198<\/p>\n<p><strong>Maija Koivisto<\/strong><br \/>\nKansankatu 7 as 1-2<br \/>\n15870 Hollola<br \/>\nty\u00f6 0400 493070 koti 03 7802554<\/p>\n<p>Terhi Ruutu<br \/>\nRuneberginkatu 63 B 14<br \/>\n00260 Helsinki<br \/>\n040 1848803<br \/>\n<a href=\"http:\/\/www.terhen.fi\">http:\/\/www.terhen.fi<\/a><\/p>\n","protected":false},"excerpt":{"rendered":"<p>Birgitta Paloj\u00e4rvi Kauneusbirgitta Mannerheimintie 93 a 78 00270 Helsinki 044 374 1323 Pekka Mykk\u00e4nen Fysio-Kontu Oy Keinulaudankuja 4E 00940 Helsinki 09 340 3113 Seija Heinonen SaunaSeita Kellarilahdentie 94 52550 Hirvensalmi 040 516 3198 Maija Koivisto Kansankatu 7 as 1-2 15870 Hollola ty\u00f6 0400 493070 koti 03 7802554 Terhi Ruutu Runeberginkatu 63 B 14 00260 Helsinki [&hellip;]<\/p>\n","protected":false},"author":1,"featured_media":0,"parent":39,"menu_order":2,"comment_status":"closed","ping_status":"open","template":"","meta":[],"_links":{"self":[{"href":"http:\/\/www.kuppaus.fi\/index.php?rest_route=\/wp\/v2\/pages\/56"}],"collection":[{"href":"http:\/\/www.kuppaus.fi\/index.php?rest_route=\/wp\/v2\/pages"}],"about":[{"href":"http:\/\/www.kuppaus.fi\/index.php?rest_route=\/wp\/v2\/types\/page"}],"author":[{"embeddable":true,"href":"http:\/\/www.kuppaus.fi\/index.php?rest_route=\/wp\/v2\/users\/1"}],"replies":[{"embeddable":true,"href":"http:\/\/www.kuppaus.fi\/index.php?rest_route=%2Fwp%2Fv2%2Fcomments&post=56"}],"version-history":[{"count":29,"href":"http:\/\/www.kuppaus.fi\/index.php?rest_route=\/wp\/v2\/pages\/56\/revisions"}],"predecessor-version":[{"id":790,"href":"http:\/\/www.kuppaus.fi\/index.php?rest_route=\/wp\/v2\/pages\/56\/revisions\/790"}],"up":[{"embeddable":true,"href":"http:\/\/www.kuppaus.fi\/index.php?rest_route=\/wp\/v2\/pages\/39"}],"wp:attachment":[{"href":"http:\/\/www.kuppaus.fi\/index.php?rest_route=%2Fwp%2Fv2%2Fmedia&parent=56"}],"curies":[{"name":"wp","href":"https:\/\/api.w.org\/{rel}","templated":true}]}}