{"id":39,"date":"2012-07-07T17:04:51","date_gmt":"2012-07-07T14:04:51","guid":{"rendered":"http:\/\/kuppausf.asiakkaat.sigmatic.fi\/?page_id=39"},"modified":"2025-12-31T15:36:38","modified_gmt":"2025-12-31T12:36:38","slug":"jasenistoa","status":"publish","type":"page","link":"http:\/\/www.kuppaus.fi\/?page_id=39","title":{"rendered":"J\u00e4senist\u00f6\u00e4"},"content":{"rendered":"\n<p>Alla J\u00e4senmaksun maksaneet kupparit aina vuosittain. <\/p>\n\n\n\n<p>2025 <\/p>\n\n\n\n<p>Mervi Hongisto,Turku<br>Merja Pihlajam\u00e4ki, Parkano <br>Monica Pihlajam\u00e4ki, Parkano<br>Hanne Stolt, Per\u00e4sein\u00e4joki<br>Elina \u00c4hgeslev\u00e4, Ylivieska<br>Teija Yl\u00e4ranta, Vihti<br>Tanjariitta Anttila, Montana<br>Kaisu Mokkila<br>Leena Palenius <br>P\u00e4ivi Kivim\u00e4ki<br>Anu Palhomaa<br>Sari Katariina Veikkola<br>Pirjo Anneli Kumpulainen<br>Marika Ryh\u00e4nen<br>Virpi Piippo<br><br> <\/p>\n","protected":false},"excerpt":{"rendered":"<p>Alla J\u00e4senmaksun maksaneet kupparit aina vuosittain. 2025 Mervi Hongisto,TurkuMerja Pihlajam\u00e4ki, Parkano Monica Pihlajam\u00e4ki, ParkanoHanne Stolt, Per\u00e4sein\u00e4jokiElina \u00c4hgeslev\u00e4, YlivieskaTeija Yl\u00e4ranta, VihtiTanjariitta Anttila, MontanaKaisu MokkilaLeena Palenius P\u00e4ivi Kivim\u00e4kiAnu PalhomaaSari Katariina VeikkolaPirjo Anneli KumpulainenMarika Ryh\u00e4nenVirpi Piippo<\/p>\n","protected":false},"author":1,"featured_media":0,"parent":0,"menu_order":5,"comment_status":"closed","ping_status":"closed","template":"","meta":[],"_links":{"self":[{"href":"http:\/\/www.kuppaus.fi\/index.php?rest_route=\/wp\/v2\/pages\/39"}],"collection":[{"href":"http:\/\/www.kuppaus.fi\/index.php?rest_route=\/wp\/v2\/pages"}],"about":[{"href":"http:\/\/www.kuppaus.fi\/index.php?rest_route=\/wp\/v2\/types\/page"}],"author":[{"embeddable":true,"href":"http:\/\/www.kuppaus.fi\/index.php?rest_route=\/wp\/v2\/users\/1"}],"replies":[{"embeddable":true,"href":"http:\/\/www.kuppaus.fi\/index.php?rest_route=%2Fwp%2Fv2%2Fcomments&post=39"}],"version-history":[{"count":28,"href":"http:\/\/www.kuppaus.fi\/index.php?rest_route=\/wp\/v2\/pages\/39\/revisions"}],"predecessor-version":[{"id":783,"href":"http:\/\/www.kuppaus.fi\/index.php?rest_route=\/wp\/v2\/pages\/39\/revisions\/783"}],"wp:attachment":[{"href":"http:\/\/www.kuppaus.fi\/index.php?rest_route=%2Fwp%2Fv2%2Fmedia&parent=39"}],"curies":[{"name":"wp","href":"https:\/\/api.w.org\/{rel}","templated":true}]}}