{"id":35,"date":"2012-07-07T14:50:51","date_gmt":"2012-07-07T11:50:51","guid":{"rendered":"http:\/\/kuppausf.asiakkaat.sigmatic.fi\/?page_id=35"},"modified":"2017-02-25T12:55:28","modified_gmt":"2017-02-25T09:55:28","slug":"heidi-oula-rinne","status":"publish","type":"page","link":"http:\/\/www.kuppaus.fi\/?page_id=35","title":{"rendered":"Teija Yl\u00e4ranta"},"content":{"rendered":"<p>J\u00e4senrekisteri<\/p>\n<p>Saunaterapeutti 2015<\/p>\n<p>K\u00e4r\u00e4j\u00e4kuja 5<br \/>\n21110 Naantali<br \/>\n040-7069053<br \/>\n<a href=\"mailto:teijahelena14@gmail.com\">teijahelena14@gmail.com<\/a><\/p>\n<p><a href=\"http:\/\/www.solros.fi\/SolRos\/Etusivu.html\">Solros<\/a><\/p>\n","protected":false},"excerpt":{"rendered":"<p>J\u00e4senrekisteri Saunaterapeutti 2015 K\u00e4r\u00e4j\u00e4kuja 5 21110 Naantali 040-7069053 teijahelena14@gmail.com Solros<\/p>\n","protected":false},"author":1,"featured_media":0,"parent":8,"menu_order":4,"comment_status":"closed","ping_status":"open","template":"","meta":[],"_links":{"self":[{"href":"http:\/\/www.kuppaus.fi\/index.php?rest_route=\/wp\/v2\/pages\/35"}],"collection":[{"href":"http:\/\/www.kuppaus.fi\/index.php?rest_route=\/wp\/v2\/pages"}],"about":[{"href":"http:\/\/www.kuppaus.fi\/index.php?rest_route=\/wp\/v2\/types\/page"}],"author":[{"embeddable":true,"href":"http:\/\/www.kuppaus.fi\/index.php?rest_route=\/wp\/v2\/users\/1"}],"replies":[{"embeddable":true,"href":"http:\/\/www.kuppaus.fi\/index.php?rest_route=%2Fwp%2Fv2%2Fcomments&post=35"}],"version-history":[{"count":16,"href":"http:\/\/www.kuppaus.fi\/index.php?rest_route=\/wp\/v2\/pages\/35\/revisions"}],"predecessor-version":[{"id":530,"href":"http:\/\/www.kuppaus.fi\/index.php?rest_route=\/wp\/v2\/pages\/35\/revisions\/530"}],"up":[{"embeddable":true,"href":"http:\/\/www.kuppaus.fi\/index.php?rest_route=\/wp\/v2\/pages\/8"}],"wp:attachment":[{"href":"http:\/\/www.kuppaus.fi\/index.php?rest_route=%2Fwp%2Fv2%2Fmedia&parent=35"}],"curies":[{"name":"wp","href":"https:\/\/api.w.org\/{rel}","templated":true}]}}