{"id":33,"date":"2012-07-07T14:49:41","date_gmt":"2012-07-07T11:49:41","guid":{"rendered":"http:\/\/kuppausf.asiakkaat.sigmatic.fi\/?page_id=33"},"modified":"2019-05-01T14:26:56","modified_gmt":"2019-05-01T11:26:56","slug":"merja-pihlajamaki","status":"publish","type":"page","link":"http:\/\/www.kuppaus.fi\/?page_id=33","title":{"rendered":"Merja Pihlajam\u00e4ki"},"content":{"rendered":"<p>Taloudenhoitaja, yhdistyksen perustajaj\u00e4sen.<\/p>\n<p>Kuppausta -85, hierontaa -83, hermoratahierontaa -85, sidekudoshierontaa -86, akupainanta -83, vauvahierontaa -92, kuivakuppaus -94, liukukuppaus -95, hevoshierontaa -98, turvehoidot -99, Hirudoterapia -13, Bambuhieronta -13<\/p>\n<p>Kouluttajana saunaterapiakoulutuksessa vuodesta 2005<br \/>\nSuomen Kupparit ja Saunaterapeutit hyv\u00e4ksym\u00e4 kouluttaja v. 2005<\/p>\n<p>Kirkkokatu 5<br \/>\n39700 Parkano<br \/>\nPuh ty\u00f6 03-4483035<br \/>\nkoti 03-4421189<br \/>\n<a href=\"mailto:pihlajamaki.merja@pp.inet.fi\">pihlajamaki.merja@pp.inet.fi<\/a><\/p>\n<p><a href=\"http:\/\/www.hyvanolonkeskus.net\/\">Hyv\u00e4n olon keskus<\/a><\/p>\n","protected":false},"excerpt":{"rendered":"<p>Taloudenhoitaja, yhdistyksen perustajaj\u00e4sen. Kuppausta -85, hierontaa -83, hermoratahierontaa -85, sidekudoshierontaa -86, akupainanta -83, vauvahierontaa -92, kuivakuppaus -94, liukukuppaus -95, hevoshierontaa -98, turvehoidot -99, Hirudoterapia -13, Bambuhieronta -13 Kouluttajana saunaterapiakoulutuksessa vuodesta 2005 Suomen Kupparit ja Saunaterapeutit hyv\u00e4ksym\u00e4 kouluttaja v. 2005 Kirkkokatu 5 39700 Parkano Puh ty\u00f6 03-4483035 koti 03-4421189 pihlajamaki.merja@pp.inet.fi Hyv\u00e4n olon keskus<\/p>\n","protected":false},"author":1,"featured_media":0,"parent":8,"menu_order":3,"comment_status":"closed","ping_status":"open","template":"","meta":[],"_links":{"self":[{"href":"http:\/\/www.kuppaus.fi\/index.php?rest_route=\/wp\/v2\/pages\/33"}],"collection":[{"href":"http:\/\/www.kuppaus.fi\/index.php?rest_route=\/wp\/v2\/pages"}],"about":[{"href":"http:\/\/www.kuppaus.fi\/index.php?rest_route=\/wp\/v2\/types\/page"}],"author":[{"embeddable":true,"href":"http:\/\/www.kuppaus.fi\/index.php?rest_route=\/wp\/v2\/users\/1"}],"replies":[{"embeddable":true,"href":"http:\/\/www.kuppaus.fi\/index.php?rest_route=%2Fwp%2Fv2%2Fcomments&post=33"}],"version-history":[{"count":9,"href":"http:\/\/www.kuppaus.fi\/index.php?rest_route=\/wp\/v2\/pages\/33\/revisions"}],"predecessor-version":[{"id":617,"href":"http:\/\/www.kuppaus.fi\/index.php?rest_route=\/wp\/v2\/pages\/33\/revisions\/617"}],"up":[{"embeddable":true,"href":"http:\/\/www.kuppaus.fi\/index.php?rest_route=\/wp\/v2\/pages\/8"}],"wp:attachment":[{"href":"http:\/\/www.kuppaus.fi\/index.php?rest_route=%2Fwp%2Fv2%2Fmedia&parent=33"}],"curies":[{"name":"wp","href":"https:\/\/api.w.org\/{rel}","templated":true}]}}