{"id":23,"date":"2012-07-07T14:32:49","date_gmt":"2012-07-07T11:32:49","guid":{"rendered":"http:\/\/kuppausf.asiakkaat.sigmatic.fi\/?page_id=23"},"modified":"2019-05-01T14:28:16","modified_gmt":"2019-05-01T11:28:16","slug":"mervi","status":"publish","type":"page","link":"http:\/\/www.kuppaus.fi\/?page_id=23","title":{"rendered":"Mervi Hongisto"},"content":{"rendered":"<p>Puheenjohtaja. Tiedotus, koulutus, yhdistyksen perustajaj\u00e4sen.<\/p>\n<p>Yleinen sauna -88, kuppausta -90, turvehoidot\/-kimppasaunat -97, korvakynttil\u00e4hoidot -99, vesihoidot -02, energiahoidot -02, naturopaattiset tukihoidot -02, Hirudoterapia -13, Bambuhieronta -13. Kraniosakraalikoulutus -16,<\/p>\n<p>Kouluttajana liukukuppauskursseilla vuodesta 2003 ja<br \/>\nSaunaterapiakoulutusta vuodesta 2005<br \/>\nSuomen Kupparit ja Saunaterapeutit hyv\u00e4ksym\u00e4 kouluttaja v. 2005<\/p>\n<p>Myynnin ammattitutkinto 2013<br \/>\nTuotekehitt\u00e4j\u00e4n erikoisammattitutkinto 2015<br \/>\nYritt\u00e4j\u00e4n ammattitutkinto 2017<\/p>\n<p>Kurjenm\u00e4enkatu 17<br \/>\n20720 Turku<br \/>\n050-5885013<\/p>\n<p><a href=\"mailto:mervi.hongisto@forumsauna.fi\">mervi.hongisto(a)forumsauna.fi<\/a><br \/>\n<a href=\"http:\/\/www.forumsauna.fi\/\">www.forumsauna.fi<\/a><\/p>\n","protected":false},"excerpt":{"rendered":"<p>Puheenjohtaja. Tiedotus, koulutus, yhdistyksen perustajaj\u00e4sen. Yleinen sauna -88, kuppausta -90, turvehoidot\/-kimppasaunat -97, korvakynttil\u00e4hoidot -99, vesihoidot -02, energiahoidot -02, naturopaattiset tukihoidot -02, Hirudoterapia -13, Bambuhieronta -13. Kraniosakraalikoulutus -16, Kouluttajana liukukuppauskursseilla vuodesta 2003 ja Saunaterapiakoulutusta vuodesta 2005 Suomen Kupparit ja Saunaterapeutit hyv\u00e4ksym\u00e4 kouluttaja v. 2005 Myynnin ammattitutkinto 2013 Tuotekehitt\u00e4j\u00e4n erikoisammattitutkinto 2015 Yritt\u00e4j\u00e4n ammattitutkinto 2017 Kurjenm\u00e4enkatu 17 20720 [&hellip;]<\/p>\n","protected":false},"author":1,"featured_media":0,"parent":8,"menu_order":0,"comment_status":"closed","ping_status":"open","template":"","meta":[],"_links":{"self":[{"href":"http:\/\/www.kuppaus.fi\/index.php?rest_route=\/wp\/v2\/pages\/23"}],"collection":[{"href":"http:\/\/www.kuppaus.fi\/index.php?rest_route=\/wp\/v2\/pages"}],"about":[{"href":"http:\/\/www.kuppaus.fi\/index.php?rest_route=\/wp\/v2\/types\/page"}],"author":[{"embeddable":true,"href":"http:\/\/www.kuppaus.fi\/index.php?rest_route=\/wp\/v2\/users\/1"}],"replies":[{"embeddable":true,"href":"http:\/\/www.kuppaus.fi\/index.php?rest_route=%2Fwp%2Fv2%2Fcomments&post=23"}],"version-history":[{"count":11,"href":"http:\/\/www.kuppaus.fi\/index.php?rest_route=\/wp\/v2\/pages\/23\/revisions"}],"predecessor-version":[{"id":618,"href":"http:\/\/www.kuppaus.fi\/index.php?rest_route=\/wp\/v2\/pages\/23\/revisions\/618"}],"up":[{"embeddable":true,"href":"http:\/\/www.kuppaus.fi\/index.php?rest_route=\/wp\/v2\/pages\/8"}],"wp:attachment":[{"href":"http:\/\/www.kuppaus.fi\/index.php?rest_route=%2Fwp%2Fv2%2Fmedia&parent=23"}],"curies":[{"name":"wp","href":"https:\/\/api.w.org\/{rel}","templated":true}]}}