{"id":135,"date":"2012-08-28T18:48:53","date_gmt":"2012-08-28T15:48:53","guid":{"rendered":"http:\/\/kuppausf.asiakkaat.sigmatic.fi\/?page_id=135"},"modified":"2025-09-09T12:09:18","modified_gmt":"2025-09-09T09:09:18","slug":"koulutus","status":"publish","type":"page","link":"http:\/\/www.kuppaus.fi\/?page_id=135","title":{"rendered":"Koulutus"},"content":{"rendered":"\n<figure class=\"wp-block-image size-large\"><a href=\"http:\/\/www.kuppaus.fi\/wp-content\/uploads\/2015\/09\/20170320_150114.jpg\"><img loading=\"lazy\" width=\"1024\" height=\"576\" src=\"http:\/\/www.kuppaus.fi\/wp-content\/uploads\/2015\/09\/20170320_150114-1024x576.jpg\" alt=\"Kuppaustarvikkeita\" class=\"wp-image-578\" srcset=\"http:\/\/www.kuppaus.fi\/wp-content\/uploads\/2015\/09\/20170320_150114-1024x576.jpg 1024w, http:\/\/www.kuppaus.fi\/wp-content\/uploads\/2015\/09\/20170320_150114-300x168.jpg 300w, http:\/\/www.kuppaus.fi\/wp-content\/uploads\/2015\/09\/20170320_150114-500x281.jpg 500w\" sizes=\"(max-width: 1024px) 100vw, 1024px\" \/><\/a><figcaption>Kuppaussarvia, leikkuri, kuppauskirveit\u00e4<\/figcaption><\/figure>\n\n\n\n<h2>Tulevat Saunaterapia koulutusp\u00e4iv\u00e4t<\/h2>\n\n\n\n<h1>Turku 2026-2027 !<\/h1>\n\n\n\n<p><strong>Saunaterapiakoulutus kokonaisuus Turku 2026-2027<\/strong><br><strong>Alla&nbsp; Turun&nbsp; koulutusp\u00e4iv\u00e4t.<\/strong><\/p>\n\n\n\n<p><strong>Hygieniakoulutus et\u00e4n\u00e4 kerrotaan erikseen.<\/strong><br>Seuraava sovittu Aila Nuotilan kanssa 18-19.11.2025<br>Lauantai 10-16 ja sunnuntai 10-15<br>Ilmottaudu mukaan.<\/p>\n\n\n\n<p><strong>Saunaterapiakoulutus 2026-2027 Turku <\/strong><\/p>\n\n\n\n<p><strong>21- vuoden kokemuksella,<\/strong><br><strong>Koulutus alkaa helmikuussa 2026<\/strong><br><strong>Forum saunalla<\/strong>,Kurjenm\u00e4enkatu 17, 20720 Turku<\/p>\n\n\n\n<p><strong>Ilmoittautua voi nyt !<\/strong><br><strong>ST I, 6-7.2.2026&nbsp;Saunaterapian perusteet, perinnehoidot.<\/strong><br><strong>ST II, 28-29.3.&nbsp;Vesihoidot I<\/strong><br><strong>ST III, 16-17.5.&nbsp;Puhdistussauna ja morsiussaunat<\/strong><br><strong>ST IV, 5-6.9.&nbsp;Kuppaus I<\/strong><br><strong>ST V, 21-22.11&nbsp;Vesihoidot II<\/strong><br><strong>ST VI, 9-10.1.2027&nbsp;Kuppaus II<\/strong><br><strong>ST VII, 13-14.3.&nbsp;Hemmotteluhoidot<\/strong><br><strong>STVIII, 4-6.6.&nbsp;Ravitsemus ja valmistuminen<\/strong><\/p>\n\n\n\n<p><strong>Kerromme mielell\u00e4mme lis\u00e4\u00e4 <\/strong><br><strong>Mervi 050-5885013, Merja 040-7298243<\/strong><\/p>\n\n\n\n<p><strong>Saa jakaa, kiitos<\/strong><\/p>\n\n\n\n<p><strong><br><\/strong>www.saunterapia.com<br>Mervi Hongisto, 0505-5885013<br>Merja Pihljam\u00e4ki 040-7298243<br>Kerromme mielell\u00e4mme lis\u00e4\u00e4 <\/p>\n\n\n\n<p>Mervi 050-5885013, Merja 040-7298243<\/p>\n\n\n\n<h2>Saunaterapiakoulutus- p\u00e4iv\u00e4t, Parkano !<\/h2>\n\n\n\n<p><strong>Saunaterapiakoulutus kokonaisuus Parkano 2025-2026<\/strong><\/p>\n\n\n\n<p>ST V, 22-23.11.2025, Vesihoidot II<br>ST VI,10-11.1.2026, Kuppaus II<br>ST VII, 14-15.3.2026, Hemmotteluhoidot<br>ST VIII, 5-7.6.2026, Ravitsemus ja valmistuminen<\/p>\n\n\n\n<p>Erillinen kahden p\u00e4iv\u00e4n hygieniakoulutus et\u00e4koulutuksena.<\/p>\n\n\n\n<p>Kuppauskoulutuksiimme voi osallistua muutkin kuin Saunaterapiakoulutuksessa mukana olevat, joskin suorittamalla ensi I ja sitten II osion, sek\u00e4 hygieniakoulutuksen.<\/p>\n\n\n\n<p>Koulutuksesta saa todistuksen, kun kummastakin osiosta on tehtyn\u00e4 10 harjoitushoitoa ja n\u00e4ytt\u00f6hoidot.&nbsp; Edellyt\u00e4mme my\u00f6s Hygieniakoulutuksemme suorittamista.<br>Tervetuloa mukaan, kerromme mielell\u00e4mme lis\u00e4\u00e4.<\/p>\n\n\n\n<p>Lis\u00e4tiedot ja ilmoittautumiset:<br><a href=\"mailto:mervi.hongisto@forumsauna.fi\">Mervi Hongisto<\/a>&nbsp;050 5885 013<br><a href=\"mailto:pihlajamaki.merja@pp.inet.fi\" data-type=\"mailto\" data-id=\"mailto:pihlajamaki.merja@pp.inet.fi\">Merja Pihlajam\u00e4ki<\/a> 040 729 8243<\/p>\n\n\n\n<p>Tutustu koulutuksiin tarkemmin www.saunaterapia.com<\/p>\n\n\n\n<p>Tervetuloa osaavaan joukkoomme.<\/p>\n","protected":false},"excerpt":{"rendered":"<p>Tulevat Saunaterapia koulutusp\u00e4iv\u00e4t Turku 2026-2027 ! Saunaterapiakoulutus kokonaisuus Turku 2026-2027Alla&nbsp; Turun&nbsp; koulutusp\u00e4iv\u00e4t. Hygieniakoulutus et\u00e4n\u00e4 kerrotaan erikseen.Seuraava sovittu Aila Nuotilan kanssa 18-19.11.2025Lauantai 10-16 ja sunnuntai 10-15Ilmottaudu mukaan. Saunaterapiakoulutus 2026-2027 Turku 21- vuoden kokemuksella,Koulutus alkaa helmikuussa 2026Forum saunalla,Kurjenm\u00e4enkatu 17, 20720 Turku Ilmoittautua voi nyt !ST I, 6-7.2.2026&nbsp;Saunaterapian perusteet, perinnehoidot.ST II, 28-29.3.&nbsp;Vesihoidot IST III, 16-17.5.&nbsp;Puhdistussauna ja morsiussaunatST IV, [&hellip;]<\/p>\n","protected":false},"author":2,"featured_media":0,"parent":0,"menu_order":4,"comment_status":"closed","ping_status":"closed","template":"","meta":[],"_links":{"self":[{"href":"http:\/\/www.kuppaus.fi\/index.php?rest_route=\/wp\/v2\/pages\/135"}],"collection":[{"href":"http:\/\/www.kuppaus.fi\/index.php?rest_route=\/wp\/v2\/pages"}],"about":[{"href":"http:\/\/www.kuppaus.fi\/index.php?rest_route=\/wp\/v2\/types\/page"}],"author":[{"embeddable":true,"href":"http:\/\/www.kuppaus.fi\/index.php?rest_route=\/wp\/v2\/users\/2"}],"replies":[{"embeddable":true,"href":"http:\/\/www.kuppaus.fi\/index.php?rest_route=%2Fwp%2Fv2%2Fcomments&post=135"}],"version-history":[{"count":42,"href":"http:\/\/www.kuppaus.fi\/index.php?rest_route=\/wp\/v2\/pages\/135\/revisions"}],"predecessor-version":[{"id":766,"href":"http:\/\/www.kuppaus.fi\/index.php?rest_route=\/wp\/v2\/pages\/135\/revisions\/766"}],"wp:attachment":[{"href":"http:\/\/www.kuppaus.fi\/index.php?rest_route=%2Fwp%2Fv2%2Fmedia&parent=135"}],"curies":[{"name":"wp","href":"https:\/\/api.w.org\/{rel}","templated":true}]}}