{"id":12,"date":"2012-06-13T16:20:46","date_gmt":"2012-06-13T13:20:46","guid":{"rendered":"http:\/\/kuppausf.asiakkaat.sigmatic.fi\/?page_id=12"},"modified":"2025-09-09T12:42:46","modified_gmt":"2025-09-09T09:42:46","slug":"desinfiointi","status":"publish","type":"page","link":"http:\/\/www.kuppaus.fi\/?page_id=12","title":{"rendered":"Desinfiointi \/ Sterilointi"},"content":{"rendered":"<p>Desinfiointi \/ sterilointi<\/p>\n<p>V\u00e4linehuolto, eli kuppausv\u00e4lineiden puhtaus on kaikkein t\u00e4rkein asia kuppausta teht\u00e4ess\u00e4 ja hoitoja annettaessa. J\u00e4rjest\u00e4mme t\u00e4h\u00e4n my\u00f6s erikseen kaksi p\u00e4iv\u00e4isi\u00e4 koulutuksia tarpeen mukaan.&nbsp; Hygieniakoulutukset j\u00e4rjestet\u00e4\u00e4n et\u00e4koulutuksina, joten on helppo osallistua.&nbsp; Ilmoittautuminen mervi.hongisto@forumsauna.fi<br>Koulutuksesta l\u00f6yd\u00e4t tietoa <a href=\"http:\/\/www.saunaterapia.com\">www.saunaterapia.com <\/a><\/p>\n<p>Valviran uuden ohjeistuksen mukaan v\u00e4lineiden pit\u00e4\u00e4 olla sterilit.<br>Samalla Valvira velvoittaa terveystarkastajia valvomaan toimintaa.<br>Ilmoita siis oman paikkakuntasi terveystarkastajalle kuppaustoiminnan harjoittamisesta.<\/p>\n<p>Lis\u00e4tietoa, kuppauskoneita, -koneen huoltoa, sarvia ja muista v\u00e4lineit\u00e4 voi tiedustella&nbsp; yhdistyksen hallituksen j\u00e4senilt\u00e4.<\/p>\n<p>Kaikki k\u00e4ytt\u00e4m\u00e4mme hygieniatuotteet ja tiedot aineista saat liittym\u00e4ll\u00e4 j\u00e4seneksi.&nbsp; Liittyess\u00e4si saat tietopaketin, joka sis\u00e4lt\u00e4\u00e4 kaikki tarvitsemamme tiedot toimintaamme yritt\u00e4j\u00e4n\u00e4.<\/p>\n\n\n<p><strong>Saunaterapia\u00aekoulutus\n<\/strong>\n<\/p>\n\n\n\n<p><strong>Hygieniakoulutus et\u00e4n\u00e4 <\/strong>18-19.11.2025<br>  <br>Hinta 250 \u20ac, sis alv 25,5 %<\/p>\n\n\n\n<p>Kouluttajat: Aila Nuotila, erikoissairaanhoitaja,   <br>Merja Pihlajam\u00e4ki ja MerviHongisto Saunaterapia M+M ay  <\/p>\n\n\n\n<p>Koulutuksen\nsil\u00e4lt\u00f6:<br>\nUusi hygieniakoulutus k\u00e4sittelee seuraavia asioita:<\/p>\n\n\n\n<ul><li> Mikrobiologian historia  <\/li><li> Mikrobiryhm\u00e4t  <\/li><li> Mikrobien merkitys ja yleiset ominaisuudet  <\/li><li> Mikrobiryhm\u00e4t  <\/li><li> Mikrobien kasvuedellytykset  <\/li><li> Tartuntataudin synty ja levi\u00e4minen  <\/li><li> Elimist\u00f6n puolustusmekanismit taudinaiheuttajia vastaan  <\/li><li> Mikrobien tuhoaminen  <\/li><li> Tartuntojen levi\u00e4misen ehk\u00e4iseminen: k\u00e4sihygienia ja v\u00e4lineiden sek\u00e4 pintojen puhdistus ja desinfektio Saunaterapiassa ja kuppauksessa. <\/li><li> Valviran uudet ohjeistukset kupaukseen  <\/li><li> Kuppausv\u00e4lineiden uusi sterilointi ohjeistus <\/li><li> Kirurgin veitset, kuppauskirveet ja haavaleikkurit. <\/li><li> Silikonisarvet  <\/li><li>Desinfioivat ja steriloivat laitteet.<\/li><li> Desinfiointiaineet, Puhdas Pinta, mahdollisuus ostaa tuotteita mukaan tai tehd\u00e4 tilausta. <\/li><li>Tukku saa myyd\u00e4 sairaalahygienia tuotteita vain koulutetulle hoitajalle.  <\/li><li> Koulutusmaterillin saatte itsellenne. <\/li><\/ul>\n\n\n\n<p><strong>Koulutuksen kesto 16 tuntia ja lis\u00e4ksi suoritetaan infektioiden torjunnan perusteet terveydenhuollossa -verkkokurssi. Koulutuksesta saa erillisen todistuksen ja hygieniapassin.  <br> <\/strong>Teill\u00e4 on siis mahdollisuus ostaa desingiointiaineita mukaanne, jos teid\u00e4tte jo nyt mit\u00e4 tarvitsette, niin laittakaa paluu viesti\u00e4, niin tied\u00e4mme suurinpiirtein laittaa tilausta etuk\u00e4teen.  <br>Puhdas Pinta laskuttaa tuotteet suoraa, koulutuksen j\u00e4lkeen.  <\/p>\n\n\n\n<p>Tervetuloa mukaan oppimaan uutta ja kertaamaan jo opittua. t. Aila, Mervi ja Merja, opet<\/p>\n","protected":false},"excerpt":{"rendered":"<p>Desinfiointi \/ sterilointi V\u00e4linehuolto, eli kuppausv\u00e4lineiden puhtaus on kaikkein t\u00e4rkein asia kuppausta teht\u00e4ess\u00e4 ja hoitoja annettaessa. J\u00e4rjest\u00e4mme t\u00e4h\u00e4n my\u00f6s erikseen kaksi p\u00e4iv\u00e4isi\u00e4 koulutuksia tarpeen mukaan.&nbsp; Hygieniakoulutukset j\u00e4rjestet\u00e4\u00e4n et\u00e4koulutuksina, joten on helppo osallistua.&nbsp; Ilmoittautuminen mervi.hongisto@forumsauna.fiKoulutuksesta l\u00f6yd\u00e4t tietoa www.saunaterapia.com Valviran uuden ohjeistuksen mukaan v\u00e4lineiden pit\u00e4\u00e4 olla sterilit.Samalla Valvira velvoittaa terveystarkastajia valvomaan toimintaa.Ilmoita siis oman paikkakuntasi terveystarkastajalle kuppaustoiminnan [&hellip;]<\/p>\n","protected":false},"author":1,"featured_media":0,"parent":10,"menu_order":0,"comment_status":"closed","ping_status":"open","template":"","meta":[],"_links":{"self":[{"href":"http:\/\/www.kuppaus.fi\/index.php?rest_route=\/wp\/v2\/pages\/12"}],"collection":[{"href":"http:\/\/www.kuppaus.fi\/index.php?rest_route=\/wp\/v2\/pages"}],"about":[{"href":"http:\/\/www.kuppaus.fi\/index.php?rest_route=\/wp\/v2\/types\/page"}],"author":[{"embeddable":true,"href":"http:\/\/www.kuppaus.fi\/index.php?rest_route=\/wp\/v2\/users\/1"}],"replies":[{"embeddable":true,"href":"http:\/\/www.kuppaus.fi\/index.php?rest_route=%2Fwp%2Fv2%2Fcomments&post=12"}],"version-history":[{"count":16,"href":"http:\/\/www.kuppaus.fi\/index.php?rest_route=\/wp\/v2\/pages\/12\/revisions"}],"predecessor-version":[{"id":771,"href":"http:\/\/www.kuppaus.fi\/index.php?rest_route=\/wp\/v2\/pages\/12\/revisions\/771"}],"up":[{"embeddable":true,"href":"http:\/\/www.kuppaus.fi\/index.php?rest_route=\/wp\/v2\/pages\/10"}],"wp:attachment":[{"href":"http:\/\/www.kuppaus.fi\/index.php?rest_route=%2Fwp%2Fv2%2Fmedia&parent=12"}],"curies":[{"name":"wp","href":"https:\/\/api.w.org\/{rel}","templated":true}]}}